{"id":76327,"date":"2015-07-15T09:58:43","date_gmt":"2015-07-15T07:58:43","guid":{"rendered":"https:\/\/mamaluzcajasdeluz.es\/avis-juridique\/"},"modified":"2015-07-15T09:58:43","modified_gmt":"2015-07-15T07:58:43","slug":"avis-juridique","status":"publish","type":"page","link":"https:\/\/mamaluzcajasdeluz.es\/fr\/avis-juridique\/","title":{"rendered":"Avis juridique"},"content":{"rendered":"<h2>Responsabilit\u00e9<\/h2>\n<p>Toute personne acc\u00e9dant \u00e0 ce site Web assume le r\u00f4le <strong>d&rsquo;utilisateur<\/strong>, s&rsquo;engageant \u00e0 respecter et \u00e0 se conformer strictement aux dispositions du pr\u00e9sent document, ainsi qu&rsquo;\u00e0 toute autre disposition l\u00e9gale \u00e9ventuellement applicable.<\/p>\n<p>Le fournisseur d\u00e9cline toute responsabilit\u00e9 pour les informations publi\u00e9es sur son site web et pour le manque de disponibilit\u00e9 (crashs) du site qui fera \u00e9galement des arr\u00eats p\u00e9riodiques pour maintenance technique. En outre, le prestataire se r\u00e9serve le droit de modifier tout type d&rsquo;information pouvant figurer sur le site web, sans qu&rsquo;il soit n\u00e9cessaire de donner un pr\u00e9avis ou d&rsquo;informer les utilisateurs de ces obligations, la publication sur le site web du prestataire \u00e9tant consid\u00e9r\u00e9e comme suffisante<\/p>\n<p>&nbsp;<\/p>\n<hr>\n<h2>Utilisation des cookies<\/h2>\n<p>Le site web du fournisseur peut utiliser des cookies (petits fichiers texte que le serveur envoie \u00e0 l&rsquo;ordinateur de la personne qui acc\u00e8de \u00e0 la page). Il s&rsquo;agit d&rsquo;une technique couramment utilis\u00e9e sur Internet pour r\u00e9aliser certaines fonctions consid\u00e9r\u00e9es comme essentielles pour le bon fonctionnement et la visualisation du site. Les cookies utilis\u00e9s sur le site sont, dans tous les cas, de nature temporaire dans le seul but de rendre plus efficace leur transmission ult\u00e9rieure et disparaissent \u00e0 la fin de la session de l&rsquo;utilisateur.. En aucun cas, les cookies ne seront utilis\u00e9s pour collecter des informations personnelles.<\/p>\n<p>Depuis le site web du client, il est possible que vous soyez redirig\u00e9 vers du contenu de sites web tiers. \u00c9tant donn\u00e9 que le prestataire ne peut pas toujours contr\u00f4ler les contenus introduits par des tiers sur leurs sites web, le prestataire n&rsquo;assume aucune responsabilit\u00e9 quant \u00e0 ces contenus. Dans tous les cas, le fournisseur s&rsquo;engage \u00e0 retirer imm\u00e9diatement tout contenu susceptible de contrevenir \u00e0 la l\u00e9gislation nationale ou internationale, \u00e0 la morale ou \u00e0 l&rsquo;ordre public, en proc\u00e9dant au retrait imm\u00e9diat de la redirection vers ledit site web, en informant les autorit\u00e9s comp\u00e9tentes du contenu en question.<\/p>\n<hr>\n<h2>Droit applicable et juridiction<\/h2>\n<p>Pour la r\u00e9solution de tous les litiges ou questions li\u00e9s \u00e0 ce site web ou aux activit\u00e9s qui y sont men\u00e9es, la l\u00e9gislation espagnole s&rsquo;applique, \u00e0 laquelle les parties se soumettent express\u00e9ment.<\/p>\n","protected":false},"excerpt":{"rendered":"<p>Responsabilit\u00e9 Toute personne acc\u00e9dant \u00e0 ce site Web assume le r\u00f4le d&rsquo;utilisateur, s&rsquo;engageant \u00e0 respecter et \u00e0 se conformer strictement aux dispositions du  [&#8230;]<\/p>\n","protected":false},"author":1,"featured_media":0,"parent":0,"menu_order":0,"comment_status":"closed","ping_status":"closed","template":"","meta":{"_joinchat":[],"footnotes":""},"class_list":["post-76327","page","type-page","status-publish","hentry"],"_links":{"self":[{"href":"https:\/\/mamaluzcajasdeluz.es\/fr\/wp-json\/wp\/v2\/pages\/76327","targetHints":{"allow":["GET"]}}],"collection":[{"href":"https:\/\/mamaluzcajasdeluz.es\/fr\/wp-json\/wp\/v2\/pages"}],"about":[{"href":"https:\/\/mamaluzcajasdeluz.es\/fr\/wp-json\/wp\/v2\/types\/page"}],"author":[{"embeddable":true,"href":"https:\/\/mamaluzcajasdeluz.es\/fr\/wp-json\/wp\/v2\/users\/1"}],"replies":[{"embeddable":true,"href":"https:\/\/mamaluzcajasdeluz.es\/fr\/wp-json\/wp\/v2\/comments?post=76327"}],"version-history":[{"count":0,"href":"https:\/\/mamaluzcajasdeluz.es\/fr\/wp-json\/wp\/v2\/pages\/76327\/revisions"}],"wp:attachment":[{"href":"https:\/\/mamaluzcajasdeluz.es\/fr\/wp-json\/wp\/v2\/media?parent=76327"}],"curies":[{"name":"wp","href":"https:\/\/api.w.org\/{rel}","templated":true}]}}