{"id":76328,"date":"2015-07-15T15:03:35","date_gmt":"2015-07-15T13:03:35","guid":{"rendered":"https:\/\/mamaluzcajasdeluz.es\/conditions-dachat\/"},"modified":"2015-07-15T15:03:35","modified_gmt":"2015-07-15T13:03:35","slug":"conditions-dachat","status":"publish","type":"page","link":"https:\/\/mamaluzcajasdeluz.es\/fr\/conditions-dachat\/","title":{"rendered":"Conditions d&rsquo;achat"},"content":{"rendered":"<p>&nbsp;<\/p>\n<h2>Exp\u00e9dition<\/h2>\n<p>&#8211; Lorsque le service de messagerie aura livr\u00e9 votre commande, vous recevrez un courriel de confirmation (v\u00e9rifiez votre dossier de courrier ind\u00e9sirable si vous ne le trouvez pas). Les commandes partent de l&rsquo;atelier le jour m\u00eame de la commande ou le lendemain, \u00e0 l&rsquo;exception du mat\u00e9riel qui est command\u00e9 sur commande, comme la chaise montessori, le lit empilable et autres (voir produits). Le montage final des bo\u00eetes \u00e0 lumi\u00e8re peut prendre quelques jours et elles quittent l&rsquo;atelier dans l&rsquo;ordre de leur commande.<br \/>\nLe d\u00e9lai d&rsquo;acheminement des colis \u00e0 destination des \u00eeles Bal\u00e9ares est de 48\/72 heures les jours ouvrables (du lundi au vendredi, sans jours f\u00e9ri\u00e9s \u00e0 l&rsquo;origine ou \u00e0 la destination).<\/p>\n<p>Le temps de transit des colis destin\u00e9s aux \u00eeles Canaries, \u00e0 Ceuta et \u00e0 Melilla d\u00e9pend en grande partie des retenues douani\u00e8res et est tr\u00e8s variable. Nous ne pouvons donc pas donner d&rsquo;estimation du temps de transit pour ces destinations.<\/p>\n<p>En cas de non-respect des d\u00e9lais, Mama LUZ est exon\u00e9r\u00e9e de toute responsabilit\u00e9, car elle d\u00e9pend de l&rsquo;entreprise de transport. Les frais d&rsquo;exp\u00e9dition peuvent varier en fonction de la ville de destination et du poids\/volume du ou des produits. Dans le panier, vous verrez des informations d\u00e9taill\u00e9es sur le co\u00fbt du produit, la valeur de la TVA et le montant des frais d&rsquo;exp\u00e9dition.<br \/>\nVeuillez noter que le service de livraison sous contrat a un horaire de livraison allant de 9 h \u00e0 19 h. Le fait qu&rsquo;il soit livr\u00e9 \u00e0 une heure ou \u00e0 une autre d\u00e9pend donc de l&rsquo;itin\u00e9raire de livraison du coursier.<\/p>\n<p>&nbsp;<\/p>\n<h2>Les modes de paiement suivants sont disponibles :<\/h2>\n<p>CARTE DE CR\u00c9DIT OU DE D\u00c9BIT<br \/>\nVous pouvez payer avec votre carte de cr\u00e9dit ou de d\u00e9bit, de n&rsquo;importe quelle banque, par le biais de notre portail de paiement s\u00e9curis\u00e9 REDYS de La Caixa. Dans ce cas, le paiement est \u00e9galement confirm\u00e9 imm\u00e9diatement et la commande est trait\u00e9e rapidement.<\/p>\n<p>TRANSFERT BANCAIRE<br \/>\nLorsque vous s\u00e9lectionnez ce mode de paiement, vous recevrez, \u00e0 la fin de la proc\u00e9dure, un e-mail contenant le num\u00e9ro de compte sur lequel vous devrez payer le montant. Lorsque vous effectuez le virement, veuillez indiquer clairement votre nom, votre pr\u00e9nom et votre num\u00e9ro de commande. Vous devez effectuer le virement dans les 3 jours ouvrables suivant la confirmation de votre commande. Les virements sont normalement r\u00e9percut\u00e9s sur notre compte dans un d\u00e9lai de 24 \u00e0 48 heures. La commande ne sera pas exp\u00e9di\u00e9e tant que nous n&rsquo;aurons pas re\u00e7u le virement dans notre banque (il ne sera pas possible d&rsquo;avancer l&rsquo;envoi avec un re\u00e7u bancaire). Si nous n&rsquo;avons pas re\u00e7u le virement dans les 4 jours suivant la commande, celle-ci est automatiquement annul\u00e9e. <\/p>\n<p>&#8211;<\/p>\n<p>&#8211; &#8211;<\/p>\n<p>&#8211; &#8211;<\/p>\n<p>&nbsp;<\/p>\n<h2>Renvoie \u00e0<\/h2>\n<p dir=\"ltr\">&#8211; Si vous n&rsquo;\u00eates pas satisfait, vous disposez d&rsquo;un d\u00e9lai maximum de 7 jours \u00e0 compter de la r\u00e9ception de la commande pour la retourner. Pour ce faire, vous devez nous envoyer un courriel \u00e0 info@mamaluzcajasdeluz.es pour nous informer du retour. Les frais d&rsquo;exp\u00e9dition sont \u00e0 la charge du client. Les produits doivent \u00eatre en parfait \u00e9tat et dans leur emballage d&rsquo;origine pour que nous puissions rembourser le montant sur le compte bancaire que vous nous avez fourni. REMARQUE : Les travaux de menuiserie sur les modules Pikler sont r\u00e9alis\u00e9s sp\u00e9cifiquement pour le client et ne peuvent \u00eatre retourn\u00e9s.<\/p>\n<p dir=\"ltr\">Si vous constatez qu&rsquo;un produit a \u00e9t\u00e9 endommag\u00e9 pendant le transport, ne jetez pas le bon de livraison lorsque vous recevez votre commande. Vous disposez d&rsquo;un d\u00e9lai maximum de 3 jours \u00e0 compter de la r\u00e9ception de la commande pour vous plaindre des produits concern\u00e9s. Dans ce cas, les frais d&rsquo;exp\u00e9dition sont pay\u00e9s par Mam\u00e1LUZ. IMPORTANT : n&rsquo;oubliez pas de conserver le bon de livraison du transporteur, car c&rsquo;est le seul moyen pour nous de r\u00e9clamer des dommages et int\u00e9r\u00eats au transporteur. N&rsquo;oubliez pas que le produit doit \u00eatre retourn\u00e9 dans son emballage d&rsquo;origine.<\/p>\n<p>&nbsp;<\/p>\n<p>&nbsp;<\/p>\n<h2>Garantie<\/h2>\n<p>Mam\u00e1Luz et ses fournisseurs garantissent la qualit\u00e9 du mat\u00e9riel et de sa fabrication. En cas de produit d\u00e9fectueux, Mam\u00e1Luz r\u00e9pond selon l&rsquo;article 118 du Texto Refundido de la Ley general para la defensa de los consumidores y usuarios (TRLGDCU) : \u00ab\u00a0Responsabilit\u00e9 du vendeur et droits du consommateur et de l&rsquo;utilisateur. Le consommateur et l&rsquo;utilisateur ont droit \u00e0 la r\u00e9paration du produit, \u00e0 son remplacement, \u00e0 une r\u00e9duction du prix ou \u00e0 la r\u00e9siliation du contrat, conform\u00e9ment aux dispositions du pr\u00e9sent titre\u00a0\u00bb. L&rsquo;article 123, paragraphe 5, du m\u00eame texte reconna\u00eet que : \u00ab\u00a0Le consommateur et l&rsquo;utilisateur doivent informer le vendeur du d\u00e9faut de conformit\u00e9 dans un d\u00e9lai de deux mois apr\u00e8s en avoir pris connaissance\u00a0\u00bb. L&rsquo;article 120 \u00e9tablit que \u00ab\u00a0La r\u00e9paration et le remplacement sont effectu\u00e9s selon les r\u00e8gles suivantes : ils sont gratuits pour le consommateur et l&rsquo;utilisateur. Cela comprend les frais n\u00e9cessaires engag\u00e9s pour rem\u00e9dier au d\u00e9faut de conformit\u00e9 du bien au contrat, notamment les frais de port, de main-d&rsquo;\u0153uvre et de mat\u00e9riel\u00a0\u00bb.<\/p>\n<p>&nbsp;<\/p>\n<h2>&#8211;<\/h2>\n<p>&#8211; &#8211;<\/p>\n","protected":false},"excerpt":{"rendered":"<p>&nbsp; Exp\u00e9dition &#8211; Lorsque le service de messagerie aura livr\u00e9 votre commande, vous recevrez un courriel de confirmation (v\u00e9rifiez votre dossier de courrier  [&#8230;]<\/p>\n","protected":false},"author":1,"featured_media":0,"parent":0,"menu_order":0,"comment_status":"closed","ping_status":"closed","template":"","meta":{"_joinchat":[],"footnotes":""},"class_list":["post-76328","page","type-page","status-publish","hentry"],"_links":{"self":[{"href":"https:\/\/mamaluzcajasdeluz.es\/fr\/wp-json\/wp\/v2\/pages\/76328","targetHints":{"allow":["GET"]}}],"collection":[{"href":"https:\/\/mamaluzcajasdeluz.es\/fr\/wp-json\/wp\/v2\/pages"}],"about":[{"href":"https:\/\/mamaluzcajasdeluz.es\/fr\/wp-json\/wp\/v2\/types\/page"}],"author":[{"embeddable":true,"href":"https:\/\/mamaluzcajasdeluz.es\/fr\/wp-json\/wp\/v2\/users\/1"}],"replies":[{"embeddable":true,"href":"https:\/\/mamaluzcajasdeluz.es\/fr\/wp-json\/wp\/v2\/comments?post=76328"}],"version-history":[{"count":0,"href":"https:\/\/mamaluzcajasdeluz.es\/fr\/wp-json\/wp\/v2\/pages\/76328\/revisions"}],"wp:attachment":[{"href":"https:\/\/mamaluzcajasdeluz.es\/fr\/wp-json\/wp\/v2\/media?parent=76328"}],"curies":[{"name":"wp","href":"https:\/\/api.w.org\/{rel}","templated":true}]}}