{"id":76330,"date":"2017-12-13T10:41:58","date_gmt":"2017-12-13T09:41:58","guid":{"rendered":"https:\/\/mamaluzcajasdeluz.es\/light-box-montessori\/"},"modified":"2023-01-19T16:09:09","modified_gmt":"2023-01-19T15:09:09","slug":"boites-a-lumiere-montessori","status":"publish","type":"page","link":"https:\/\/mamaluzcajasdeluz.es\/fr\/boites-a-lumiere-montessori\/","title":{"rendered":"Bo\u00eetes \u00e0 lumi\u00e8re Montessori"},"content":{"rendered":"<p><div class=\"fusion-fullwidth fullwidth-box fusion-builder-row-1 fusion-flex-container nonhundred-percent-fullwidth non-hundred-percent-height-scrolling\" style=\"--awb-border-radius-top-left:0px;--awb-border-radius-top-right:0px;--awb-border-radius-bottom-right:0px;--awb-border-radius-bottom-left:0px;--awb-flex-wrap:wrap;\" ><div class=\"fusion-builder-row fusion-row fusion-flex-align-items-center fusion-flex-content-wrap\" style=\"max-width:1216.8px;margin-left: calc(-4% \/ 2 );margin-right: calc(-4% \/ 2 );\"><div class=\"fusion-layout-column fusion_builder_column fusion-builder-column-0 fusion_builder_column_1_2 1_2 fusion-flex-column\" style=\"--awb-bg-size:cover;--awb-width-large:50%;--awb-margin-top-large:0px;--awb-spacing-right-large:3.84%;--awb-margin-bottom-large:20px;--awb-spacing-left-large:3.84%;--awb-width-medium:100%;--awb-order-medium:0;--awb-spacing-right-medium:1.92%;--awb-spacing-left-medium:1.92%;--awb-width-small:100%;--awb-order-small:0;--awb-spacing-right-small:1.92%;--awb-spacing-left-small:1.92%;\"><div class=\"fusion-column-wrapper fusion-column-has-shadow fusion-flex-justify-content-flex-start fusion-content-layout-column\"><div class=\"fusion-title title fusion-title-1 fusion-sep-none fusion-title-text fusion-title-size-two\" style=\"--awb-margin-bottom:4vh;--awb-font-size:24px;\"><h2 class=\"fusion-title-heading title-heading-left fusion-responsive-typography-calculated\" style=\"margin:0;font-size:1em;--fontSize:24;line-height:1.69;\"><p style=\"text-align: center;\">Bo\u00eetes \u00e0 lumi\u00e8re Montessori<\/p><\/h2><\/div><div class=\"fusion-text fusion-text-1\" style=\"--awb-text-transform:none;\"><p>Le site <strong>bo\u00eete \u00e0 lumi\u00e8re<\/strong> est un monde entier de possibilit\u00e9s et est con\u00e7u pour la stimulation sensorielle des b\u00e9b\u00e9s, le d\u00e9veloppement et l&rsquo;apprentissage des enfants de moins de 12 ans. Bien que plus tard, ils l&rsquo;utilisent pour le tra\u00e7age ! \u00c0 la maison ou \u00e0 l&rsquo;\u00e9cole, le <strong>bo\u00eete \u00e0 lumi\u00e8re<\/strong> sera une ressource de base incontournable et se transmettra de g\u00e9n\u00e9ration en g\u00e9n\u00e9ration. Ici, vous pouvez choisir entre diff\u00e9rents mod\u00e8les de <strong>bo\u00eetes \u00e0 lumi\u00e8re<\/strong> ; tailles, prix et mod\u00e8les. <a href=\"https:\/\/mamaluzcajasdeluz.es\/categoria-producto\/accesorios\/\">Mam\u00e1Luz<\/a> Tous les <strong>caissons lumineux mam\u00e1LUZ<\/strong> sont <strong>certifi\u00e9s CE.<\/strong> Sans bords et sans vis lat\u00e9rales et avec des tampons pour \u00e9viter d&rsquo;endommager la surface.<\/p>\n<p><strong>Vous trouverez ici les bo\u00eetes \u00e0 lumi\u00e8re Montessori de la meilleure qualit\u00e9 sur le march\u00e9 aux meilleurs prix.<\/strong><\/p>\n<p>&#8211; &#8211;<\/p>\n<\/div><\/div><\/div><div class=\"fusion-layout-column fusion_builder_column fusion-builder-column-1 fusion_builder_column_1_2 1_2 fusion-flex-column\" style=\"--awb-bg-size:cover;--awb-width-large:50%;--awb-margin-top-large:0px;--awb-spacing-right-large:3.84%;--awb-margin-bottom-large:20px;--awb-spacing-left-large:3.84%;--awb-width-medium:100%;--awb-order-medium:0;--awb-spacing-right-medium:1.92%;--awb-spacing-left-medium:1.92%;--awb-width-small:100%;--awb-order-small:0;--awb-spacing-right-small:1.92%;--awb-spacing-left-small:1.92%;\"><div class=\"fusion-column-wrapper fusion-column-has-shadow fusion-flex-justify-content-flex-start fusion-content-layout-column\"><div class=\"fusion-image-element md-text-align-center fusion-no-small-visibility fusion-no-large-visibility\" style=\"--awb-margin-top-medium:50px;--awb-max-width:50%;--awb-caption-title-font-family:var(--h2_typography-font-family);--awb-caption-title-font-weight:var(--h2_typography-font-weight);--awb-caption-title-font-style:var(--h2_typography-font-style);--awb-caption-title-size:var(--h2_typography-font-size);--awb-caption-title-transform:var(--h2_typography-text-transform);--awb-caption-title-line-height:var(--h2_typography-line-height);--awb-caption-title-letter-spacing:var(--h2_typography-letter-spacing);\"><span class=\" fusion-imageframe imageframe-none imageframe-1 hover-type-none\"><img decoding=\"async\" width=\"800\" height=\"800\" alt=\"bo\u00eete \u00e0 lumi\u00e8re pour enfants\" title=\"bo\u00eete \u00e0 lumi\u00e8re pour enfants\" src=\"https:\/\/mamaluzcajasdeluz.es\/wp-content\/uploads\/2019\/06\/37C8D355-5A12-4B24-977B-82FD37CD30B3-2.jpeg\" class=\"img-responsive wp-image-74877\"\/><\/span><\/div><div class=\"fusion-image-element md-text-align-center fusion-no-small-visibility fusion-no-medium-visibility\" style=\"--awb-margin-top-medium:50px;--awb-caption-title-font-family:var(--h2_typography-font-family);--awb-caption-title-font-weight:var(--h2_typography-font-weight);--awb-caption-title-font-style:var(--h2_typography-font-style);--awb-caption-title-size:var(--h2_typography-font-size);--awb-caption-title-transform:var(--h2_typography-text-transform);--awb-caption-title-line-height:var(--h2_typography-line-height);--awb-caption-title-letter-spacing:var(--h2_typography-letter-spacing);\"><span class=\" fusion-imageframe imageframe-none imageframe-2 hover-type-none\"><img decoding=\"async\" width=\"800\" height=\"800\" alt=\"bo\u00eete \u00e0 lumi\u00e8re pour enfants\" title=\"bo\u00eete \u00e0 lumi\u00e8re pour enfants\" src=\"https:\/\/mamaluzcajasdeluz.es\/wp-content\/uploads\/2019\/06\/37C8D355-5A12-4B24-977B-82FD37CD30B3-2.jpeg\" class=\"img-responsive wp-image-74877\"\/><\/span><\/div><\/div><\/div><\/div><\/div><div class=\"fusion-fullwidth fullwidth-box fusion-builder-row-2 fusion-flex-container has-pattern-background has-mask-background banner-promo nonhundred-percent-fullwidth non-hundred-percent-height-scrolling\" style=\"--awb-border-sizes-top:0px;--awb-border-sizes-bottom:0px;--awb-border-sizes-left:0px;--awb-border-sizes-right:0px;--awb-border-radius-top-left:0px;--awb-border-radius-top-right:0px;--awb-border-radius-bottom-right:0px;--awb-border-radius-bottom-left:0px;--awb-padding-top:25px;--awb-padding-bottom:19px;--awb-margin-bottom:56px;--awb-background-color:#000000;--awb-flex-wrap:wrap;\" ><div class=\"fusion-builder-row fusion-row fusion-flex-align-items-flex-start fusion-flex-content-wrap\" style=\"max-width:calc( 1170px + 0px );margin-left: calc(-0px \/ 2 );margin-right: calc(-0px \/ 2 );\"><div class=\"fusion-layout-column fusion_builder_column fusion-builder-column-2 fusion_builder_column_1_1 1_1 fusion-flex-column\" style=\"--awb-padding-top:0%;--awb-padding-right:7%;--awb-padding-bottom:0%;--awb-padding-left:7%;--awb-bg-color:rgba(255,255,255,.15);--awb-bg-color-hover:rgba(255,255,255,.15);--awb-bg-blend:overlay;--awb-bg-size:cover;--awb-width-large:100%;--awb-margin-top-large:0px;--awb-spacing-right-large:0px;--awb-margin-bottom-large:0px;--awb-spacing-left-large:0px;--awb-width-medium:100%;--awb-spacing-right-medium:0px;--awb-spacing-left-medium:0px;--awb-width-small:100%;--awb-spacing-right-small:0px;--awb-spacing-left-small:0px;\"><div class=\"fusion-column-wrapper fusion-flex-justify-content-flex-start fusion-content-layout-column\"><div class=\"fusion-title title fusion-title-2 fusion-sep-none fusion-title-center fusion-title-text fusion-title-size-five\" style=\"--awb-text-color:#ffffff;--awb-font-size:26px;\"><h5 class=\"fusion-title-heading title-heading-center fusion-responsive-typography-calculated\" style=\"font-family:&quot;Montserrat&quot;;font-style:normal;font-weight:400;margin:0;font-size:1em;--fontSize:26;line-height:1.63;\"><span style=\"color: #339966;\">Nous traitons les commandes en 24\/48h, le d\u00e9lai de livraison varie selon le pays du client<\/span><\/h5><\/div><div class=\"fusion-separator fusion-full-width-sep\" style=\"align-self: center;margin-left: auto;margin-right: auto;margin-top:-20px;width:100%;\"><\/div><div class=\"fusion-title title fusion-title-3 fusion-title-center fusion-title-text fusion-title-size-four\" style=\"--awb-text-color:#ffffff;--awb-margin-bottom:0px;--awb-margin-bottom-small:0px;--awb-sep-color:#ffffff;--awb-font-size:34px;\"><div class=\"title-sep-container title-sep-container-left\"><div class=\"title-sep sep-single sep-solid\" style=\"border-color:#ffffff;\"><\/div><\/div><span class=\"awb-title-spacer\"><\/span><h4 class=\"fusion-title-heading title-heading-center fusion-responsive-typography-calculated\" style=\"margin:0;font-size:1em;--fontSize:34;line-height:1.47;\"><\/h4><span class=\"awb-title-spacer\"><\/span><div class=\"title-sep-container title-sep-container-right\"><div class=\"title-sep sep-single sep-solid\" style=\"border-color:#ffffff;\"><\/div><\/div><\/div><div class=\"fusion-title title fusion-title-4 fusion-sep-none fusion-title-center fusion-title-text fusion-title-size-five\" style=\"--awb-text-color:#ffffff;--awb-font-size:18px;\"><h5 class=\"fusion-title-heading title-heading-center fusion-responsive-typography-calculated\" style=\"font-family:&quot;Montserrat&quot;;font-style:normal;font-weight:400;margin:0;font-size:1em;--fontSize:18;--minFontSize:18;line-height:1.63;\">MAM\u00c1LUZ \u2013 DEPUIS 2015<\/h5><\/div><\/div><\/div><\/div><\/div>\n<div class=\"fusion-fullwidth fullwidth-box fusion-builder-row-3 fusion-flex-container nonhundred-percent-fullwidth non-hundred-percent-height-scrolling\" style=\"--awb-border-radius-top-left:0px;--awb-border-radius-top-right:0px;--awb-border-radius-bottom-right:0px;--awb-border-radius-bottom-left:0px;--awb-padding-top:0px;--awb-margin-top:0px;--awb-flex-wrap:wrap;\" ><div class=\"fusion-builder-row fusion-row fusion-flex-align-items-center fusion-flex-content-wrap\" style=\"max-width:1216.8px;margin-left: calc(-4% \/ 2 );margin-right: calc(-4% \/ 2 );\"><div class=\"fusion-layout-column fusion_builder_column fusion-builder-column-3 fusion_builder_column_1_1 1_1 fusion-flex-column\" style=\"--awb-padding-left:50px;--awb-bg-size:cover;--awb-width-large:100%;--awb-margin-top-large:0px;--awb-spacing-right-large:1.92%;--awb-margin-bottom-large:20px;--awb-spacing-left-large:1.92%;--awb-width-medium:100%;--awb-order-medium:0;--awb-spacing-right-medium:1.92%;--awb-spacing-left-medium:1.92%;--awb-width-small:100%;--awb-order-small:0;--awb-spacing-right-small:1.92%;--awb-spacing-left-small:1.92%;\"><div class=\"fusion-column-wrapper fusion-column-has-shadow fusion-flex-justify-content-flex-start fusion-content-layout-column\"><div class=\"woocommerce columns-2 \"><ul class=\"products clearfix products-2\">\r\n<li class=\"product type-product post-63274 status-publish first instock product_cat-caja-de-luz-normal product_cat-caja-de-luz-ritmica product_cat-cajas-de-luz product_cat-estimulacion-sensorial product_cat-jugamos product_cat-los-mas-vendidos-2 product_cat-mas-vendidos product_cat-materiales-para-la-caja-de-luz product_cat-materiales-pedagogicos product_cat-modelos-de-cajas product_cat-modelos-de-cajas-2 product_cat-ofertas product_tag-caja-de-luz has-post-thumbnail taxable shipping-taxable product-type-external product-grid-view\">\r\n\t<div class=\"fusion-product-wrapper\">\r\n\r\n<div class=\"fusion-clean-product-image-wrapper \">\r\n\t<div  class=\"fusion-image-wrapper fusion-image-size-fixed\" aria-haspopup=\"true\">\r\n\t\t\t\t<img decoding=\"async\" width=\"500\" height=\"500\" src=\"https:\/\/mamaluzcajasdeluz.es\/wp-content\/uploads\/2019\/06\/todas-juntas2-500x500.jpg\" class=\"attachment-woocommerce_thumbnail size-woocommerce_thumbnail wp-post-image\" alt=\"Caja de luz Montessori\" srcset=\"https:\/\/mamaluzcajasdeluz.es\/wp-content\/uploads\/2019\/06\/todas-juntas2-66x66.jpg 66w, https:\/\/mamaluzcajasdeluz.es\/wp-content\/uploads\/2019\/06\/todas-juntas2-100x100.jpg 100w, https:\/\/mamaluzcajasdeluz.es\/wp-content\/uploads\/2019\/06\/todas-juntas2-150x150.jpg 150w, https:\/\/mamaluzcajasdeluz.es\/wp-content\/uploads\/2019\/06\/todas-juntas2-200x200.jpg 200w, https:\/\/mamaluzcajasdeluz.es\/wp-content\/uploads\/2019\/06\/todas-juntas2-300x300.jpg 300w, https:\/\/mamaluzcajasdeluz.es\/wp-content\/uploads\/2019\/06\/todas-juntas2-400x400.jpg 400w, https:\/\/mamaluzcajasdeluz.es\/wp-content\/uploads\/2019\/06\/todas-juntas2-500x500.jpg 500w, https:\/\/mamaluzcajasdeluz.es\/wp-content\/uploads\/2019\/06\/todas-juntas2-600x600.jpg 600w, https:\/\/mamaluzcajasdeluz.es\/wp-content\/uploads\/2019\/06\/todas-juntas2-700x700.jpg 700w, https:\/\/mamaluzcajasdeluz.es\/wp-content\/uploads\/2019\/06\/todas-juntas2-768x768.jpg 768w, https:\/\/mamaluzcajasdeluz.es\/wp-content\/uploads\/2019\/06\/todas-juntas2-800x800.jpg 800w, https:\/\/mamaluzcajasdeluz.es\/wp-content\/uploads\/2019\/06\/todas-juntas2-1024x1024.jpg 1024w, https:\/\/mamaluzcajasdeluz.es\/wp-content\/uploads\/2019\/06\/todas-juntas2.jpg 1200w\" sizes=\"(max-width: 500px) 100vw, 500px\" \/><div class=\"fusion-rollover\">\r\n\t<div class=\"fusion-rollover-content\">\r\n\r\n\t\t\t\t\r\n\t\t\r\n\t\t\t\t\t\t\t\t\r\n\t\t\t\t\t\t\t\t\r\n\t\t\r\n\t\t\t\t\t\t\t\t\t\t\t\t\t\t\t\r\n\t\t\t\t\t\t\r\n\t\t\t\t\t\t\t\t\t\t<div class=\"fusion-product-buttons\">\r\n\t\t\t\t\t<a href=\"https:\/\/thedida.es\/producto\/caja-de-luz-montessori\/\" aria-describedby=\"woocommerce_loop_add_to_cart_link_describedby_63274\" data-quantity=\"1\" class=\"button product_type_external\" data-product_id=\"63274\" data-product_sku=\"\" aria-label=\"Comprar\" rel=\"nofollow noopener\" target=\"_blank\">Comprar<\/a>\t<span id=\"woocommerce_loop_add_to_cart_link_describedby_63274\" class=\"screen-reader-text\">\r\n\t\t\t<\/span>\r\n<span class=\"fusion-rollover-linebreak\">\r\n\t\/<\/span>\r\n\r\n<a href=\"https:\/\/mamaluzcajasdeluz.es\/producto\/caja-de-luz-montessori-ninos\/\" class=\"show_details_button\">\r\n\tDetails<\/a>\r\n\r\n\t\t\t\t<\/div>\r\n\t\t\t\t\t\t\t\t\t<a class=\"fusion-link-wrapper\" href=\"https:\/\/mamaluzcajasdeluz.es\/producto\/caja-de-luz-montessori-ninos\/\" aria-label=\"Caja de luz Montessori\"><\/a>\r\n\t<\/div>\r\n<\/div>\r\n<\/div>\r\n<\/div>\r\n<div class=\"fusion-product-content\">\r\n\t<div class=\"product-details\">\r\n\t\t<div class=\"product-details-container\">\r\n<h3 class=\"product-title\">\r\n\t<a href=\"https:\/\/mamaluzcajasdeluz.es\/producto\/caja-de-luz-montessori-ninos\/\">\r\n\t\tCaja de luz Montessori\t<\/a>\r\n<\/h3>\r\n<div class=\"fusion-price-rating\">\r\n<div class='jdgm-widget jdgm-preview-badge' data-id='63274'>\r\n\t<div style='display:none' class='jdgm-prev-badge' data-average-rating='5.00' data-number-of-reviews='8' data-number-of-questions='0'> <span class='jdgm-prev-badge__stars' data-score='5.00' tabindex='0' aria-label='5.00 stars' role='button'> <span class='jdgm-star jdgm--on'><\/span><span class='jdgm-star jdgm--on'><\/span><span class='jdgm-star jdgm--on'><\/span><span class='jdgm-star jdgm--on'><\/span><span class='jdgm-star jdgm--on'><\/span> <\/span> <span class='jdgm-prev-badge__text'> 8 reviews <\/span> <\/div><\/div>\r\n\r\n\t\t<\/div>\r\n\t<\/div>\r\n<\/div>\r\n\r\n\t<\/div> \r\n\r\n\r\n<\/div>\r\n<\/li>\r\n<\/ul>\r\n<\/div><\/div><\/div><\/div><\/div><div class=\"fusion-fullwidth fullwidth-box fusion-builder-row-4 fusion-flex-container nonhundred-percent-fullwidth non-hundred-percent-height-scrolling\" style=\"--awb-border-radius-top-left:0px;--awb-border-radius-top-right:0px;--awb-border-radius-bottom-right:0px;--awb-border-radius-bottom-left:0px;--awb-padding-top:2%;--awb-padding-right:6%;--awb-padding-bottom:2%;--awb-padding-left:6%;--awb-padding-bottom-small:12px;--awb-background-color:#fbf7f3;--awb-flex-wrap:wrap;\" ><div class=\"fusion-builder-row fusion-row fusion-flex-align-items-center fusion-flex-content-wrap\" style=\"max-width:1216.8px;margin-left: calc(-4% \/ 2 );margin-right: calc(-4% \/ 2 );\"><div class=\"fusion-layout-column fusion_builder_column fusion-builder-column-4 fusion_builder_column_1_1 1_1 fusion-flex-column\" style=\"--awb-padding-top:0%;--awb-padding-bottom:0%;--awb-padding-top-medium:20px;--awb-padding-bottom-medium:20px;--awb-bg-size:cover;--awb-width-large:100%;--awb-margin-top-large:0px;--awb-spacing-right-large:1.92%;--awb-margin-bottom-large:20px;--awb-spacing-left-large:1.92%;--awb-width-medium:100%;--awb-margin-top-medium:0px;--awb-spacing-right-medium:1.92%;--awb-margin-bottom-medium:2px;--awb-spacing-left-medium:1.92%;--awb-width-small:100%;--awb-spacing-right-small:1.92%;--awb-spacing-left-small:1.92%;\"><div class=\"fusion-column-wrapper fusion-column-has-shadow fusion-flex-justify-content-center fusion-content-layout-column\"><div class=\"fusion-title title fusion-title-5 fusion-sep-none fusion-title-center fusion-title-text fusion-title-size-two\"><h2 class=\"fusion-title-heading title-heading-center fusion-responsive-typography-calculated\" style=\"margin:0;--fontSize:26;line-height:1.69;\">Principales caract\u00e9ristiques des bo\u00eetes \u00e0 lumi\u00e8re<\/h2><\/div><div class=\"fusion-text fusion-text-2\" style=\"--awb-content-alignment:center;--awb-text-transform:none;--awb-text-color:var(--awb-color7);\"><p><span style=\"color: var(--awb-color7); font-family: var(--body_typography-font-family); font-style: var(--body_typography-font-style,normal); font-weight: var(--body_typography-font-weight); letter-spacing: var(--body_typography-letter-spacing);\">Nos bo\u00eetes \u00e0 lumi\u00e8re sont certifi\u00e9es CE.<\/span><\/p>\n<p>Toutes les bo\u00eetes \u00e0 lumi\u00e8re sont \u00e9quip\u00e9es d&rsquo;une t\u00e9l\u00e9commande permettant de modifier l&rsquo;intensit\u00e9 de la lumi\u00e8re, les transitions et de changer les couleurs. Dans les bo\u00eetes Small et Super Extra Large, nous fournissons un petit guide avec des suggestions d&rsquo;activit\u00e9s, dans les autres bo\u00eetes (large et extra-large) le guide est imprim\u00e9 sur la bo\u00eete d&#8217;emballage elle-m\u00eame. La seule diff\u00e9rence entre la bo\u00eete \u00e0 lumi\u00e8re normale et la bo\u00eete rythmique est que cette derni\u00e8re a la possibilit\u00e9 d&rsquo;effectuer des transitions au rythme de la musique ambiante ou au son des applaudissements. &#8212; Le m\u00e9thacrylate, d&rsquo;aspect blanc translucide, poss\u00e8de une excellente qualit\u00e9 optique, ne laissant passer que la quantit\u00e9 de lumi\u00e8re suffisante pour que la surface soit uniform\u00e9ment \u00e9clair\u00e9e et n&rsquo;endommage pas la vue. Il est \u00e0 l&rsquo;\u00e9preuve des enfants *.<\/p>\n<p>La bo\u00eete \u00e0 lumi\u00e8re, c&rsquo;est tout un monde de possibilit\u00e9s. Elle est con\u00e7ue pour la stimulation sensorielle des b\u00e9b\u00e9s, ainsi que pour le d\u00e9veloppement et l&rsquo;apprentissage des enfants de moins de 12 ans. Ils peuvent \u00e9galement l&rsquo;utiliser pour le tra\u00e7age plus tard ! \u00c0 la maison ou \u00e0 l&rsquo;\u00e9cole, la bo\u00eete \u00e0 lumi\u00e8re sera une ressource de base incontournable qui se transmettra de g\u00e9n\u00e9ration en g\u00e9n\u00e9ration. Les caissons lumineux sont une ressource p\u00e9dagogique bas\u00e9e sur la p\u00e9dagogie Reggio Emilia, o\u00f9 la d\u00e9couverte des objets, de leurs formes et des relations entre eux favorise le besoin d&rsquo;apprendre d\u00e8s le plus jeune \u00e2ge, et o\u00f9 le jeu, la manipulation et l&rsquo;exp\u00e9rimentation se font sur le caisson lumineux, stimulant le potentiel de nos petits.<\/p>\n<p>R\u00e9alis\u00e9 en Espagne.<\/p>\n<p>* NE PAS TENDRE LE C\u00c2BLE RELIANT L&rsquo;ALIMENTATION \u00c9LECTRIQUE AU BO\u00ceTIER. TOUJOURS GARDER LE C\u00c2BLE D\u00c9TENDU<\/p>\n<\/div><div class=\"fusion-separator fusion-no-medium-visibility fusion-full-width-sep\" style=\"align-self: center;margin-left: auto;margin-right: auto;margin-top:5px;margin-bottom:5px;width:100%;\"><\/div><\/div><\/div><\/div><\/div><\/p>\n","protected":false},"excerpt":{"rendered":"","protected":false},"author":41,"featured_media":0,"parent":0,"menu_order":0,"comment_status":"closed","ping_status":"closed","template":"100-width.php","meta":{"_joinchat":[],"footnotes":""},"class_list":["post-76330","page","type-page","status-publish","hentry"],"_links":{"self":[{"href":"https:\/\/mamaluzcajasdeluz.es\/fr\/wp-json\/wp\/v2\/pages\/76330","targetHints":{"allow":["GET"]}}],"collection":[{"href":"https:\/\/mamaluzcajasdeluz.es\/fr\/wp-json\/wp\/v2\/pages"}],"about":[{"href":"https:\/\/mamaluzcajasdeluz.es\/fr\/wp-json\/wp\/v2\/types\/page"}],"author":[{"embeddable":true,"href":"https:\/\/mamaluzcajasdeluz.es\/fr\/wp-json\/wp\/v2\/users\/41"}],"replies":[{"embeddable":true,"href":"https:\/\/mamaluzcajasdeluz.es\/fr\/wp-json\/wp\/v2\/comments?post=76330"}],"version-history":[{"count":0,"href":"https:\/\/mamaluzcajasdeluz.es\/fr\/wp-json\/wp\/v2\/pages\/76330\/revisions"}],"wp:attachment":[{"href":"https:\/\/mamaluzcajasdeluz.es\/fr\/wp-json\/wp\/v2\/media?parent=76330"}],"curies":[{"name":"wp","href":"https:\/\/api.w.org\/{rel}","templated":true}]}}