{"id":76412,"date":"2022-02-25T10:54:37","date_gmt":"2022-02-25T09:54:37","guid":{"rendered":"https:\/\/mamaluzcajasdeluz.es\/jouets-montessori-pour-bebes\/"},"modified":"2023-01-19T13:56:04","modified_gmt":"2023-01-19T12:56:04","slug":"jouets-montessori-pour-bebes","status":"publish","type":"page","link":"https:\/\/mamaluzcajasdeluz.es\/fr\/jouets-montessori-pour-bebes\/","title":{"rendered":"Jouets Montessori pour B\u00e9b\u00e9s"},"content":{"rendered":"<p><div class=\"fusion-fullwidth fullwidth-box fusion-builder-row-1 fusion-flex-container nonhundred-percent-fullwidth non-hundred-percent-height-scrolling\" style=\"--awb-border-radius-top-left:0px;--awb-border-radius-top-right:0px;--awb-border-radius-bottom-right:0px;--awb-border-radius-bottom-left:0px;--awb-flex-wrap:wrap;\" ><div class=\"fusion-builder-row fusion-row fusion-flex-align-items-center fusion-flex-content-wrap\" style=\"max-width:1216.8px;margin-left: calc(-4% \/ 2 );margin-right: calc(-4% \/ 2 );\"><div class=\"fusion-layout-column fusion_builder_column fusion-builder-column-0 fusion_builder_column_1_2 1_2 fusion-flex-column\" style=\"--awb-padding-top-medium:0px;--awb-padding-left-medium:4vh;--awb-padding-top-small:5vh;--awb-bg-size:cover;--awb-width-large:50%;--awb-margin-top-large:0px;--awb-spacing-right-large:3.84%;--awb-margin-bottom-large:0px;--awb-spacing-left-large:3.84%;--awb-width-medium:100%;--awb-order-medium:0;--awb-spacing-right-medium:1.92%;--awb-spacing-left-medium:1.92%;--awb-width-small:100%;--awb-order-small:1;--awb-spacing-right-small:1.92%;--awb-spacing-left-small:1.92%;\"><div class=\"fusion-column-wrapper fusion-column-has-shadow fusion-flex-justify-content-flex-start fusion-content-layout-column\"><div class=\"fusion-title title fusion-title-1 fusion-sep-none fusion-title-text fusion-title-size-two\" style=\"--awb-margin-bottom:4vh;--awb-font-size:30px;\"><h2 class=\"fusion-title-heading title-heading-left fusion-responsive-typography-calculated\" style=\"margin:0;font-size:1em;--fontSize:30;line-height:1.69;\"><p style=\"text-align: center;\">Jouets Montessori pour b\u00e9b\u00e9s<\/p>\n<p style=\"text-align: center;\">Les essentiels<\/p><\/h2><\/div><div class=\"fusion-text fusion-text-1\" style=\"--awb-text-transform:none;\"><p>S\u00e9lection de <strong>mat\u00e9riaux essentiels<\/strong> que chaque <strong>beb\u00e9<\/strong> devrait avoir. De la naissance \u00e0 la premi\u00e8re ann\u00e9e. Bien que vous constaterez que beaucoup d&rsquo;entre eux ont une dur\u00e9e de vie plus longue et passeront d&rsquo;une \u00e9tape \u00e0 l&rsquo;autre. Parce que&#8230; une balle est une balle !<\/p>\n<p>De la naissance \u00e0 la premi\u00e8re ann\u00e9e de vie, les b\u00e9b\u00e9s explorent leur monde par le toucher, l&rsquo;odorat, le go\u00fbt, la vue et le son. Nourrissez votre tout-petit de c\u00e2lins sans fin et regardez sa personnalit\u00e9 prendre vie et votre relation avec lui grandir \u00e0 chaque instant de rire et de <strong>jeu<\/strong>. Laissez ces mat\u00e9riaux susciter leur int\u00e9r\u00eat et leur imagination et leur offrir un divertissement sans fin. Votre b\u00e9b\u00e9 vous guidera tout au long du chemin pendant que vous lui offrirez du soutien et d\u00e9velopperez ses sens. Ensemble, vous verrez le monde d&rsquo;une mani\u00e8re nouvelle et fascinante.<\/p>\n<p>Des kits <strong>Montessori<\/strong> pour b\u00e9b\u00e9, <strong>des paniers au tr\u00e9sor<\/strong>, des <strong>anneaux<\/strong> de dentition color\u00e9s, des <strong>hochets<\/strong> et de nombreux <strong>jouets<\/strong> pour que votre b\u00e9b\u00e9 grandisse tout en d\u00e9veloppant ses sens.<\/p>\n<\/div><\/div><\/div><div class=\"fusion-layout-column fusion_builder_column fusion-builder-column-1 fusion_builder_column_1_2 1_2 fusion-flex-column\" style=\"--awb-padding-top-small:0px;--awb-bg-size:cover;--awb-width-large:50%;--awb-margin-top-large:0px;--awb-spacing-right-large:3.84%;--awb-margin-bottom-large:0px;--awb-spacing-left-large:3.84%;--awb-width-medium:100%;--awb-order-medium:0;--awb-spacing-right-medium:1.92%;--awb-spacing-left-medium:1.92%;--awb-width-small:100%;--awb-order-small:0;--awb-margin-top-small:0;--awb-spacing-right-small:1.92%;--awb-spacing-left-small:1.92%;\"><div class=\"fusion-column-wrapper fusion-column-has-shadow fusion-flex-justify-content-flex-start fusion-content-layout-column\"><div class=\"fusion-image-element fusion-no-small-visibility fusion-no-medium-visibility\" style=\"--awb-caption-title-font-family:var(--h2_typography-font-family);--awb-caption-title-font-weight:var(--h2_typography-font-weight);--awb-caption-title-font-style:var(--h2_typography-font-style);--awb-caption-title-size:var(--h2_typography-font-size);--awb-caption-title-transform:var(--h2_typography-text-transform);--awb-caption-title-line-height:var(--h2_typography-line-height);--awb-caption-title-letter-spacing:var(--h2_typography-letter-spacing);\"><span class=\" fusion-imageframe imageframe-none imageframe-1 hover-type-none\"><img decoding=\"async\" width=\"640\" height=\"960\" title=\"juguetes montessori bebes\" src=\"https:\/\/mamaluzcajasdeluz.es\/wp-content\/uploads\/2022\/02\/juguetes-montessori-bebes.jpg\" alt class=\"img-responsive wp-image-74940\" srcset=\"https:\/\/mamaluzcajasdeluz.es\/wp-content\/uploads\/2022\/02\/juguetes-montessori-bebes-200x300.jpg 200w, https:\/\/mamaluzcajasdeluz.es\/wp-content\/uploads\/2022\/02\/juguetes-montessori-bebes-400x600.jpg 400w, https:\/\/mamaluzcajasdeluz.es\/wp-content\/uploads\/2022\/02\/juguetes-montessori-bebes-600x900.jpg 600w, https:\/\/mamaluzcajasdeluz.es\/wp-content\/uploads\/2022\/02\/juguetes-montessori-bebes.jpg 640w\" sizes=\"(max-width: 1024px) 100vw, (max-width: 640px) 100vw, 600px\" \/><\/span><\/div><div class=\"fusion-image-element md-text-align-center sm-text-align-center fusion-no-large-visibility\" style=\"--awb-max-width:50%;--awb-caption-title-font-family:var(--h2_typography-font-family);--awb-caption-title-font-weight:var(--h2_typography-font-weight);--awb-caption-title-font-style:var(--h2_typography-font-style);--awb-caption-title-size:var(--h2_typography-font-size);--awb-caption-title-transform:var(--h2_typography-text-transform);--awb-caption-title-line-height:var(--h2_typography-line-height);--awb-caption-title-letter-spacing:var(--h2_typography-letter-spacing);\"><span class=\" fusion-imageframe imageframe-none imageframe-2 hover-type-none\"><img decoding=\"async\" width=\"640\" height=\"960\" title=\"juguetes montessori bebes\" src=\"https:\/\/mamaluzcajasdeluz.es\/wp-content\/uploads\/2022\/02\/juguetes-montessori-bebes.jpg\" alt class=\"img-responsive wp-image-74940\" srcset=\"https:\/\/mamaluzcajasdeluz.es\/wp-content\/uploads\/2022\/02\/juguetes-montessori-bebes-200x300.jpg 200w, https:\/\/mamaluzcajasdeluz.es\/wp-content\/uploads\/2022\/02\/juguetes-montessori-bebes-400x600.jpg 400w, https:\/\/mamaluzcajasdeluz.es\/wp-content\/uploads\/2022\/02\/juguetes-montessori-bebes-600x900.jpg 600w, https:\/\/mamaluzcajasdeluz.es\/wp-content\/uploads\/2022\/02\/juguetes-montessori-bebes.jpg 640w\" sizes=\"(max-width: 1024px) 100vw, (max-width: 640px) 100vw, 600px\" \/><\/span><\/div><\/div><\/div><\/div><\/div><div class=\"fusion-fullwidth fullwidth-box fusion-builder-row-2 fusion-flex-container nonhundred-percent-fullwidth non-hundred-percent-height-scrolling\" style=\"--awb-border-radius-top-left:0px;--awb-border-radius-top-right:0px;--awb-border-radius-bottom-right:0px;--awb-border-radius-bottom-left:0px;--awb-flex-wrap:wrap;\" ><div class=\"fusion-builder-row fusion-row fusion-flex-align-items-flex-start fusion-flex-content-wrap\" style=\"max-width:1216.8px;margin-left: calc(-4% \/ 2 );margin-right: calc(-4% \/ 2 );\"><div class=\"fusion-layout-column fusion_builder_column fusion-builder-column-2 fusion_builder_column_1_1 1_1 fusion-flex-column\" style=\"--awb-bg-size:cover;--awb-width-large:100%;--awb-margin-top-large:40px;--awb-spacing-right-large:1.92%;--awb-margin-bottom-large:40px;--awb-spacing-left-large:1.92%;--awb-width-medium:100%;--awb-order-medium:0;--awb-spacing-right-medium:1.92%;--awb-spacing-left-medium:1.92%;--awb-width-small:100%;--awb-order-small:0;--awb-spacing-right-small:1.92%;--awb-spacing-left-small:1.92%;\"><div class=\"fusion-column-wrapper fusion-column-has-shadow fusion-flex-justify-content-flex-start fusion-content-layout-column\"><div class=\"woocommerce columns-4 \"><\/div><\/div><\/div><\/div><\/div><\/p>\n","protected":false},"excerpt":{"rendered":"","protected":false},"author":41,"featured_media":0,"parent":0,"menu_order":0,"comment_status":"closed","ping_status":"closed","template":"100-width.php","meta":{"_joinchat":[],"footnotes":""},"class_list":["post-76412","page","type-page","status-publish","hentry"],"_links":{"self":[{"href":"https:\/\/mamaluzcajasdeluz.es\/fr\/wp-json\/wp\/v2\/pages\/76412","targetHints":{"allow":["GET"]}}],"collection":[{"href":"https:\/\/mamaluzcajasdeluz.es\/fr\/wp-json\/wp\/v2\/pages"}],"about":[{"href":"https:\/\/mamaluzcajasdeluz.es\/fr\/wp-json\/wp\/v2\/types\/page"}],"author":[{"embeddable":true,"href":"https:\/\/mamaluzcajasdeluz.es\/fr\/wp-json\/wp\/v2\/users\/41"}],"replies":[{"embeddable":true,"href":"https:\/\/mamaluzcajasdeluz.es\/fr\/wp-json\/wp\/v2\/comments?post=76412"}],"version-history":[{"count":0,"href":"https:\/\/mamaluzcajasdeluz.es\/fr\/wp-json\/wp\/v2\/pages\/76412\/revisions"}],"wp:attachment":[{"href":"https:\/\/mamaluzcajasdeluz.es\/fr\/wp-json\/wp\/v2\/media?parent=76412"}],"curies":[{"name":"wp","href":"https:\/\/api.w.org\/{rel}","templated":true}]}}