{"id":76322,"date":"2015-07-15T09:58:43","date_gmt":"2015-07-15T07:58:43","guid":{"rendered":"https:\/\/mamaluzcajasdeluz.es\/avviso-legale\/"},"modified":"2015-07-15T09:58:43","modified_gmt":"2015-07-15T07:58:43","slug":"avviso-legale","status":"publish","type":"page","link":"https:\/\/mamaluzcajasdeluz.es\/it\/avviso-legale\/","title":{"rendered":"Avviso legale"},"content":{"rendered":"<h2>Responsabilit\u00e0<\/h2>\n<p>Chiunque acceda a questo sito web assume il ruolo di <strong>utente<\/strong>, impegnandosi a osservare e rispettare rigorosamente le disposizioni del presente documento, nonch\u00e9 qualsiasi altra disposizione di legge applicabile.<\/p>\n<p>L&#8217;offerente declina ogni responsabilit\u00e0 per le informazioni pubblicate sul proprio sito web e per la mancata disponibilit\u00e0 (crash) del sito, che effettuer\u00e0 anche arresti periodici per manutenzione tecnica Inoltre, il fornitore si riserva il diritto di modificare qualsiasi tipo di informazione che possa apparire sul sito web, senza alcun obbligo di preavviso o di informazione agli utenti, intendendo come sufficiente la pubblicazione sul sito web del fornitore.<\/p>\n<p>&nbsp;<\/p>\n<hr>\n<h2>Utilizzo dei cookie<\/h2>\n<p>Il sito web del fornitore pu\u00f2 utilizzare i cookie (piccoli file di testo che il server invia al computer della persona che accede alla pagina) Si tratta di una tecnica comunemente utilizzata su Internet per svolgere alcune funzioni ritenute essenziali per il corretto funzionamento e la visualizzazione del sito. I cookie utilizzati nel sito sono, in ogni caso, di natura temporanea al solo fine di rendere pi\u00f9 efficiente la successiva trasmissione e scompaiono al termine della sessione dell&#8217;utente. In nessun caso i cookie verranno utilizzati per raccogliere informazioni personali.<\/p>\n<p>Dal sito web del cliente \u00e8 possibile che si venga reindirizzati a contenuti di siti web di terzi. Poich\u00e9 il fornitore non pu\u00f2 sempre controllare i contenuti introdotti da terzi sui propri siti web, non si assume alcun tipo di responsabilit\u00e0 in merito a tali contenuti. In ogni caso, il provider si impegna a rimuovere immediatamente qualsiasi contenuto che possa contravvenire alla legislazione nazionale o internazionale, al buon costume o all&#8217;ordine pubblico, procedendo all&#8217;immediato ritiro del reindirizzamento a tale sito web, informando le autorit\u00e0 competenti del contenuto in questione.<\/p>\n<hr>\n<h2>Legge applicabile e giurisdizione<\/h2>\n<p>Per la risoluzione di tutte le controversie o questioni relative al presente sito web o alle attivit\u00e0 in esso svolte, si applica la legislazione spagnola, alla quale le parti si sottomettono espressamente.<\/p>\n","protected":false},"excerpt":{"rendered":"<p>Responsabilit\u00e0 Chiunque acceda a questo sito web assume il ruolo di utente, impegnandosi a osservare e rispettare rigorosamente le disposizioni del presente documento,  [&#8230;]<\/p>\n","protected":false},"author":1,"featured_media":0,"parent":0,"menu_order":0,"comment_status":"closed","ping_status":"closed","template":"","meta":{"_joinchat":[],"footnotes":""},"class_list":["post-76322","page","type-page","status-publish","hentry"],"_links":{"self":[{"href":"https:\/\/mamaluzcajasdeluz.es\/it\/wp-json\/wp\/v2\/pages\/76322","targetHints":{"allow":["GET"]}}],"collection":[{"href":"https:\/\/mamaluzcajasdeluz.es\/it\/wp-json\/wp\/v2\/pages"}],"about":[{"href":"https:\/\/mamaluzcajasdeluz.es\/it\/wp-json\/wp\/v2\/types\/page"}],"author":[{"embeddable":true,"href":"https:\/\/mamaluzcajasdeluz.es\/it\/wp-json\/wp\/v2\/users\/1"}],"replies":[{"embeddable":true,"href":"https:\/\/mamaluzcajasdeluz.es\/it\/wp-json\/wp\/v2\/comments?post=76322"}],"version-history":[{"count":0,"href":"https:\/\/mamaluzcajasdeluz.es\/it\/wp-json\/wp\/v2\/pages\/76322\/revisions"}],"wp:attachment":[{"href":"https:\/\/mamaluzcajasdeluz.es\/it\/wp-json\/wp\/v2\/media?parent=76322"}],"curies":[{"name":"wp","href":"https:\/\/api.w.org\/{rel}","templated":true}]}}