{"id":76326,"date":"2015-07-15T15:03:35","date_gmt":"2015-07-15T13:03:35","guid":{"rendered":"https:\/\/mamaluzcajasdeluz.es\/condizioni-di-acquisto\/"},"modified":"2015-07-15T15:03:35","modified_gmt":"2015-07-15T13:03:35","slug":"condizioni-di-acquisto","status":"publish","type":"page","link":"https:\/\/mamaluzcajasdeluz.es\/it\/condizioni-di-acquisto\/","title":{"rendered":"Condizioni di acquisto"},"content":{"rendered":"<p>&nbsp;<\/p>\n<h2>Spedizione<\/h2>\n<p>Il tempo di transito per i pacchi con destinazione Penisola \u00e8 di 24\/48 ore nei giorni lavorativi (dal luned\u00ec al venerd\u00ec, senza festivit\u00e0 all&#8217;origine o a destinazione). Quando il corriere avr\u00e0 consegnato l&#8217;ordine, riceverete un&#8217;e-mail di conferma (controllate la cartella spam se non la trovate). Gli ordini escono dal laboratorio il giorno stesso dell&#8217;ordine o il giorno successivo, ad eccezione dei materiali che vengono ordinati su misura, come la sedia montessoriana, il letto impilabile e altri (vedi prodotti). L&#8217;assemblaggio finale delle scatole luminose pu\u00f2 richiedere alcuni giorni e lasciano il laboratorio in ordine d&#8217;ordine.<br \/>\n&#8211;<\/p>\n<p>&#8211;<\/p>\n<p>In caso di mancato rispetto dei termini, Mama LUZ \u00e8 esente da qualsiasi responsabilit\u00e0, in quanto dipende dall&#8217;azienda di trasporto. I costi di spedizione possono variare a seconda della citt\u00e0 di destinazione e del peso\/volume dei prodotti. Nel carrello della spesa vengono visualizzate informazioni dettagliate sul costo del prodotto, sul valore dell&#8217;IVA e sull&#8217;importo delle spese di spedizione.<br \/>\nSi noti che il servizio di consegna convenzionato ha un orario di consegna dalle 9.00 alle 19.00, quindi la consegna in un orario o in un altro dipende dal percorso di consegna del corriere.<\/p>\n<p>&nbsp;<\/p>\n<h2>Sono disponibili i seguenti metodi di pagamento:<\/h2>\n<p>CARTA DI CREDITO O DI DEBITO<br \/>\nPotete pagare con la vostra carta di credito o di debito, da qualsiasi banca, attraverso il nostro gateway di pagamento sicuro REDYS di La Caixa. Anche in questo caso il pagamento viene confermato immediatamente e l&#8217;ordine viene elaborato rapidamente.<\/p>\n<p>BONIFICO BANCARIO<br \/>\nSelezionando questo metodo di pagamento, al termine della procedura riceverete un&#8217;e-mail con il numero di conto corrente su cui dovrete versare l&#8217;importo. Al momento del bonifico, si prega di indicare chiaramente il proprio nome, cognome e numero d&#8217;ordine. Il bonifico deve essere effettuato entro 3 giorni lavorativi dalla conferma dell&#8217;ordine. Di norma, i trasferimenti si riflettono sul nostro conto entro 24-48 ore. L&#8217;ordine non sar\u00e0 spedito finch\u00e9 non riceveremo il bonifico in banca (non sar\u00e0 possibile anticipare la spedizione con una ricevuta bancaria).. Se non abbiamo ricevuto il bonifico entro 7 giorni dall&#8217;ordine, l&#8217;ordine viene automaticamente annullato. <\/p>\n<p>&#8211;<\/p>\n<p>Il vostro acquisto nel nostro negozio \u00e8 totalmente sicuro &#8211;<\/p>\n<p>&#8211; &#8211;<\/p>\n<p>&nbsp;<\/p>\n<h2>Restituzioni<\/h2>\n<p dir=\"ltr\">&#8211; Se non siete soddisfatti, avete un massimo di 7 giorni dal ricevimento dell&#8217;ordine per restituirlo. A tal fine, \u00e8 necessario inviare un&#8217;e-mail all&#8217;indirizzo info@mamaluzcajasdeluz.es per informarci della restituzione. Le spese di spedizione sono a carico del cliente. I prodotti devono essere in perfette condizioni e nella loro confezione originale affinch\u00e9 possiamo rimborsare l&#8217;importo sul conto bancario che ci avete fornito. &#8211;<\/p>\n<p dir=\"ltr\">Se si scopre che un prodotto \u00e8 stato danneggiato durante il trasporto, si prega di non gettare la bolla di consegna quando si riceve l&#8217;ordine. Avete un massimo di 2 giorni dal ricevimento dell&#8217;ordine per presentare un reclamo sui prodotti interessati. &#8211; IMPORTANTE: non dimenticate di conservare la bolla di consegna del corriere, perch\u00e9 \u00e8 l&#8217;unico modo in cui possiamo chiedere un risarcimento al corriere. Ricordate che il prodotto deve essere restituito nella sua confezione originale.<\/p>\n<p>&nbsp;<\/p>\n<p>&nbsp;<\/p>\n<h2>Garanzia<\/h2>\n<p>Mam\u00e1Luz e i nostri fornitori garantiscono la qualit\u00e0 del materiale e della sua produzione. In caso di prodotto difettoso, Mam\u00e1Luz risponde secondo l&#8217;articolo 118 del Texto Refundido de la Ley general para la defensa de los consumidores y usuarios (TRLGDCU): &#8220;Responsabilit\u00e0 del venditore e diritti del consumatore e dell&#8217;utente&#8221;. Il consumatore e l&#8217;utente hanno diritto alla riparazione del prodotto, alla sua sostituzione, a una riduzione del prezzo o alla risoluzione del contratto, conformemente alle disposizioni del presente titolo&#8221;. L&#8217;articolo 123, paragrafo 5, dello stesso testo riconosce che: &#8220;Il consumatore e l&#8217;utente devono informare il venditore del difetto di conformit\u00e0 entro due mesi da quando ne sono venuti a conoscenza&#8221;. L&#8217;articolo 120 stabilisce che &#8220;La riparazione e la sostituzione sono conformi alle seguenti regole: sono gratuite per il consumatore e l&#8217;utente. Ci\u00f2 comprende le spese necessarie sostenute per rimediare al difetto di conformit\u00e0 della merce al contratto, in particolare il costo delle spese postali, della manodopera e dei materiali&#8221;.<\/p>\n<p>&nbsp;<\/p>\n<h2>&#8211;<\/h2>\n<p>&#8211; &#8211;<\/p>\n","protected":false},"excerpt":{"rendered":"<p>&nbsp; Spedizione Il tempo di transito per i pacchi con destinazione Penisola \u00e8 di 24\/48 ore nei giorni lavorativi (dal luned\u00ec al venerd\u00ec,  [&#8230;]<\/p>\n","protected":false},"author":1,"featured_media":0,"parent":0,"menu_order":0,"comment_status":"closed","ping_status":"closed","template":"","meta":{"_joinchat":[],"footnotes":""},"class_list":["post-76326","page","type-page","status-publish","hentry"],"_links":{"self":[{"href":"https:\/\/mamaluzcajasdeluz.es\/it\/wp-json\/wp\/v2\/pages\/76326","targetHints":{"allow":["GET"]}}],"collection":[{"href":"https:\/\/mamaluzcajasdeluz.es\/it\/wp-json\/wp\/v2\/pages"}],"about":[{"href":"https:\/\/mamaluzcajasdeluz.es\/it\/wp-json\/wp\/v2\/types\/page"}],"author":[{"embeddable":true,"href":"https:\/\/mamaluzcajasdeluz.es\/it\/wp-json\/wp\/v2\/users\/1"}],"replies":[{"embeddable":true,"href":"https:\/\/mamaluzcajasdeluz.es\/it\/wp-json\/wp\/v2\/comments?post=76326"}],"version-history":[{"count":0,"href":"https:\/\/mamaluzcajasdeluz.es\/it\/wp-json\/wp\/v2\/pages\/76326\/revisions"}],"wp:attachment":[{"href":"https:\/\/mamaluzcajasdeluz.es\/it\/wp-json\/wp\/v2\/media?parent=76326"}],"curies":[{"name":"wp","href":"https:\/\/api.w.org\/{rel}","templated":true}]}}