{"id":80638,"date":"2015-06-24T16:56:44","date_gmt":"2015-06-24T14:56:44","guid":{"rendered":"https:\/\/mamaluzcajasdeluz.es\/noi\/"},"modified":"2024-04-12T12:18:41","modified_gmt":"2024-04-12T10:18:41","slug":"noi","status":"publish","type":"page","link":"https:\/\/mamaluzcajasdeluz.es\/it\/noi\/","title":{"rendered":"NOI"},"content":{"rendered":"<div class=\"fusion-fullwidth fullwidth-box fusion-builder-row-1 nonhundred-percent-fullwidth non-hundred-percent-height-scrolling\" style=\"--awb-background-position:left top;--awb-border-sizes-top:0px;--awb-border-sizes-bottom:0px;--awb-border-sizes-left:0px;--awb-border-sizes-right:0px;--awb-border-radius-top-left:0px;--awb-border-radius-top-right:0px;--awb-border-radius-bottom-right:0px;--awb-border-radius-bottom-left:0px;--awb-padding-top:0px;--awb-padding-bottom:0px;--awb-flex-wrap:wrap;\" ><div class=\"fusion-builder-row fusion-row\"><div class=\"fusion-layout-column fusion_builder_column fusion-builder-column-0 fusion_builder_column_1_6 1_6 fusion-one-sixth fusion-column-first\" style=\"--awb-bg-size:cover;width:13.3333%; margin-right: 4%;\"><div class=\"fusion-column-wrapper fusion-flex-column-wrapper-legacy\"><div class=\"fusion-clearfix\"><\/div><\/div><\/div><div class=\"fusion-layout-column fusion_builder_column fusion-builder-column-1 fusion_builder_column_2_3 2_3 fusion-two-third\" style=\"--awb-bg-size:cover;width:65.3333%; margin-right: 4%;\"><div class=\"fusion-column-wrapper fusion-flex-column-wrapper-legacy\"><div class=\"fusion-text fusion-text-1\"><h5 style=\"text-align: center;\">BENVENUTO a mammaLUZ!<\/h5>\n<\/div><div class=\"fusion-sep-clear\"><\/div><div class=\"fusion-separator\" style=\"margin-left: auto;margin-right: auto;margin-top:5px;margin-bottom:0px;width:100%;max-width:30px;\"><div class=\"fusion-separator-border sep-single sep-solid\" style=\"--awb-height:20px;--awb-amount:20px;--awb-sep-color:#999999;border-color:#999999;border-top-width:1px;\"><\/div><\/div><div class=\"fusion-sep-clear\"><\/div><div class=\"fusion-text fusion-text-2\"><p>Siamo Mar\u00eda e Antonio, <strong>fondatori di Mam\u00e1LUZ<\/strong>, <strong>un&#8217;azienda familiare<\/strong> la cui vita \u00e8 stata cambiata dalla nascita della nostra meravigliosa figlia. Orgogliosi di aver condiviso con lei un&#8217;<strong>educazione e una formazione consapevole<\/strong>, uniamo le nostre conoscenze e la nostra passione per il l<strong>avoro manuale,<\/strong> nonch\u00e9 lo studio di materiali basati su pedagogie come la <strong>Montessori, la Pikler o la Reggio Emilia<\/strong>, per fungere da guida e supporto alle famiglie e alle scuole.<\/p>\n<p>Il nostro marchio \u00e8 nato nel <strong>2015<\/strong> per rispondere alle preoccupazioni e alle esigenze di famiglie ed educatori alla ricerca di nuovi materiali educativi come light box o set di materiali montessoriani per neonati.<\/p>\n<p>Da Mam\u00e1LUZ lavoriamo con le nostre mani per creare cose belle che <strong>aiutare i nostri figli a capire meglio il mondo e a essere pi\u00f9 felici. <\/strong>Ecco perch\u00e9 <strong>Vogliamo aiutarvi a stimolare<\/strong> correttamente il vostro bambino e a offrirgli i materiali migliori per sviluppare la sua crescita. <strong>autonomia e divertimento.<\/strong><\/p>\n<p>Il sogno si \u00e8 realizzato grazie ad anni di sforzi, ma(pa)ternit\u00e0, ricerca e passione per le nostre creazioni genuine. <strong>Progettiamo e realizziamo localmente<\/strong> prodotti di alta qualit\u00e0, che <strong>durano nel tempo<\/strong> e vengono tramandati di generazione in generazione.<\/p>\n<p>Se i nostri valori e il nostro impegno sono in sintonia con voi, perch\u00e9 non vi iscrivete alla nostra newsletter, per saperne di pi\u00f9 sul lancio dei nostri prodotti, sulle novit\u00e0 e sulle promozioni esclusive?<\/p>\n<p>Fate un passo avanti e date un&#8217;occhiata dall&#8217;inizio a questo <a href=\"https:\/\/mamaluzcajasdeluz.es\/it\/scoiattoli-montessori\/\">link<\/a><\/p>\n<p>Beb\u00e8 felici, famiglie felici!<\/p>\n<p>Commercio locale &#8211; Materiali locali<\/p>\n<\/div><div class=\"fusion-clearfix\"><\/div><\/div><\/div><div class=\"fusion-layout-column fusion_builder_column fusion-builder-column-2 fusion_builder_column_1_6 1_6 fusion-one-sixth fusion-column-last\" style=\"--awb-bg-size:cover;width:13.3333%;\"><div class=\"fusion-column-wrapper fusion-flex-column-wrapper-legacy\"><div class=\"fusion-clearfix\"><\/div><\/div><\/div><div class=\"fusion-layout-column fusion_builder_column fusion-builder-column-3 fusion_builder_column_1_1 1_1 fusion-one-full fusion-column-first fusion-column-last fusion-column-no-min-height\" style=\"--awb-bg-size:cover;--awb-margin-bottom:0px;\"><div class=\"fusion-column-wrapper fusion-flex-column-wrapper-legacy\"><div class=\"fusion-image-carousel fusion-image-carousel-auto fusion-image-carousel-1 lightbox-enabled\"><div class=\"awb-carousel awb-swiper awb-swiper-carousel awb-swiper-dots-position-bottom awb-carousel--carousel\" data-layout=\"carousel\" data-autoplay=\"yes\" data-autoplayspeed=\"2500\" data-autoplaypause=\"no\" data-columns=\"3\" data-columnsmedium=\"0\" data-columnssmall=\"0\" data-itemmargin=\"40\" data-itemwidth=\"180\" data-touchscroll=\"no\" data-freemode=\"no\" data-imagesize=\"auto\" data-scrollitems=\"1\" data-centeredslides=\"no\" data-rotationangle=\"50\" data-depth=\"100\" data-speed=\"500\" data-shadow=\"no\" style=\"--awb-columns:3;--awb-column-spacing:40px;\"><div class=\"swiper-wrapper awb-image-carousel-wrapper fusion-flex-align-items-center\"><div class=\"swiper-slide\"><div class=\"fusion-carousel-item-wrapper\"><div class=\"fusion-image-wrapper hover-type-liftup\"><a data-rel=\"iLightbox[image_carousel_1]\" data-caption=\"\" href=\"https:\/\/mamaluzcajasdeluz.es\/wp-content\/uploads\/2016\/08\/mordedor-bebe-pinguino2-300x300.jpg\" target=\"_self\"><\/a><\/div><\/div><\/div><div class=\"swiper-slide\"><div class=\"fusion-carousel-item-wrapper\"><div class=\"fusion-image-wrapper hover-type-liftup\"><a data-rel=\"iLightbox[image_carousel_1]\" data-caption=\"pelota pikler bebes\" data-title=\"Captura de pantalla 2023-03-09 a las 11.17.06\" aria-label=\"Captura de pantalla 2023-03-09 a las 11.17.06\" href=\"https:\/\/mamaluzcajasdeluz.es\/wp-content\/uploads\/2015\/09\/Captura-de-pantalla-2023-03-09-a-las-11.17.06.png\" target=\"_self\"><img decoding=\"async\" width=\"802\" height=\"727\" src=\"https:\/\/mamaluzcajasdeluz.es\/wp-content\/uploads\/2015\/09\/Captura-de-pantalla-2023-03-09-a-las-11.17.06.png\" class=\"attachment-full size-full\" alt=\"pelota pikler bebes\" srcset=\"https:\/\/mamaluzcajasdeluz.es\/wp-content\/uploads\/2015\/09\/Captura-de-pantalla-2023-03-09-a-las-11.17.06-200x181.png 200w, https:\/\/mamaluzcajasdeluz.es\/wp-content\/uploads\/2015\/09\/Captura-de-pantalla-2023-03-09-a-las-11.17.06-400x363.png 400w, https:\/\/mamaluzcajasdeluz.es\/wp-content\/uploads\/2015\/09\/Captura-de-pantalla-2023-03-09-a-las-11.17.06-600x544.png 600w, https:\/\/mamaluzcajasdeluz.es\/wp-content\/uploads\/2015\/09\/Captura-de-pantalla-2023-03-09-a-las-11.17.06-800x725.png 800w, https:\/\/mamaluzcajasdeluz.es\/wp-content\/uploads\/2015\/09\/Captura-de-pantalla-2023-03-09-a-las-11.17.06.png 802w\" sizes=\"(min-width: 2200px) 100vw, (min-width: 824px) 363px, (min-width: 732px) 545px, (min-width: 640px) 732px, \" \/><\/a><\/div><\/div><\/div><div class=\"swiper-slide\"><div class=\"fusion-carousel-item-wrapper\"><div class=\"fusion-image-wrapper hover-type-liftup\"><a data-rel=\"iLightbox[image_carousel_1]\" data-caption=\"pintafluor\" data-title=\"3p\" aria-label=\"3p\" href=\"https:\/\/mamaluzcajasdeluz.es\/wp-content\/uploads\/2023\/02\/3p.jpg\" target=\"_self\"><img decoding=\"async\" width=\"1200\" height=\"1154\" src=\"https:\/\/mamaluzcajasdeluz.es\/wp-content\/uploads\/2023\/02\/3p.jpg\" class=\"attachment-full size-full\" alt=\"pintafluor\" srcset=\"https:\/\/mamaluzcajasdeluz.es\/wp-content\/uploads\/2023\/02\/3p-200x192.jpg 200w, https:\/\/mamaluzcajasdeluz.es\/wp-content\/uploads\/2023\/02\/3p-400x385.jpg 400w, https:\/\/mamaluzcajasdeluz.es\/wp-content\/uploads\/2023\/02\/3p-600x577.jpg 600w, https:\/\/mamaluzcajasdeluz.es\/wp-content\/uploads\/2023\/02\/3p-800x769.jpg 800w, https:\/\/mamaluzcajasdeluz.es\/wp-content\/uploads\/2023\/02\/3p.jpg 1200w\" sizes=\"(min-width: 2200px) 100vw, (min-width: 824px) 363px, (min-width: 732px) 545px, (min-width: 640px) 732px, \" \/><\/a><\/div><\/div><\/div><div class=\"swiper-slide\"><div class=\"fusion-carousel-item-wrapper\"><div class=\"fusion-image-wrapper hover-type-liftup\"><a data-rel=\"iLightbox[image_carousel_1]\" data-caption=\"regali per bambini\" data-title=\"borsa-di-temi-tesori-montessori\" aria-label=\"borsa-di-temi-tesori-montessori\" href=\"https:\/\/mamaluzcajasdeluz.es\/wp-content\/uploads\/2015\/11\/sacodelostesoros-300x300.jpg\" target=\"_self\"><img decoding=\"async\" width=\"1200\" height=\"1200\" src=\"https:\/\/mamaluzcajasdeluz.es\/wp-content\/uploads\/2015\/11\/sacodelostesoros.jpg\" class=\"attachment-full size-full\" alt=\"regali per bambini\" \/><\/a><\/div><\/div><\/div><div class=\"swiper-slide\"><div class=\"fusion-carousel-item-wrapper\"><div class=\"fusion-image-wrapper hover-type-liftup\"><a data-rel=\"iLightbox[image_carousel_1]\" data-caption=\"balancin waldorf pikler\" data-title=\"balancin-natural\" aria-label=\"balancin-natural\" href=\"https:\/\/mamaluzcajasdeluz.es\/wp-content\/uploads\/2023\/04\/balancin-natural.jpg\" target=\"_self\"><img decoding=\"async\" width=\"1200\" height=\"1200\" src=\"https:\/\/mamaluzcajasdeluz.es\/wp-content\/uploads\/2023\/04\/balancin-natural.jpg\" class=\"attachment-full size-full\" alt=\"balancin waldorf pikler\" srcset=\"https:\/\/mamaluzcajasdeluz.es\/wp-content\/uploads\/2023\/04\/balancin-natural-200x200.jpg 200w, https:\/\/mamaluzcajasdeluz.es\/wp-content\/uploads\/2023\/04\/balancin-natural-400x400.jpg 400w, https:\/\/mamaluzcajasdeluz.es\/wp-content\/uploads\/2023\/04\/balancin-natural-600x600.jpg 600w, https:\/\/mamaluzcajasdeluz.es\/wp-content\/uploads\/2023\/04\/balancin-natural-800x800.jpg 800w, https:\/\/mamaluzcajasdeluz.es\/wp-content\/uploads\/2023\/04\/balancin-natural.jpg 1200w\" sizes=\"(min-width: 2200px) 100vw, (min-width: 824px) 363px, (min-width: 732px) 545px, (min-width: 640px) 732px, \" \/><\/a><\/div><\/div><\/div><div class=\"swiper-slide\"><div class=\"fusion-carousel-item-wrapper\"><div class=\"fusion-image-wrapper hover-type-liftup\"><a data-rel=\"iLightbox[image_carousel_1]\" data-caption=\"Canastilla recien nacido\" data-title=\"maletin6\" aria-label=\"maletin6\" href=\"https:\/\/mamaluzcajasdeluz.es\/wp-content\/uploads\/2022\/12\/maletin6.jpg\" target=\"_self\"><img decoding=\"async\" width=\"1200\" height=\"1164\" src=\"https:\/\/mamaluzcajasdeluz.es\/wp-content\/uploads\/2022\/12\/maletin6.jpg\" class=\"attachment-full size-full\" alt=\"Canastilla recien nacido\" srcset=\"https:\/\/mamaluzcajasdeluz.es\/wp-content\/uploads\/2022\/12\/maletin6-200x194.jpg 200w, https:\/\/mamaluzcajasdeluz.es\/wp-content\/uploads\/2022\/12\/maletin6-400x388.jpg 400w, https:\/\/mamaluzcajasdeluz.es\/wp-content\/uploads\/2022\/12\/maletin6-600x582.jpg 600w, https:\/\/mamaluzcajasdeluz.es\/wp-content\/uploads\/2022\/12\/maletin6-800x776.jpg 800w, https:\/\/mamaluzcajasdeluz.es\/wp-content\/uploads\/2022\/12\/maletin6.jpg 1200w\" sizes=\"(min-width: 2200px) 100vw, (min-width: 824px) 363px, (min-width: 732px) 545px, (min-width: 640px) 732px, \" \/><\/a><\/div><\/div><\/div><\/div><div class=\"awb-swiper-button awb-swiper-button-prev\"><i class=\"awb-icon-angle-left\" aria-hidden=\"true\"><\/i><\/div><div class=\"awb-swiper-button awb-swiper-button-next\"><i class=\"awb-icon-angle-right\" aria-hidden=\"true\"><\/i><\/div><\/div><\/div><div class=\"fusion-sep-clear\"><\/div><div class=\"fusion-separator\" style=\"margin-left: auto;margin-right: auto;margin-top:20px;width:100%;max-width:170px;\"><\/div><div class=\"fusion-sep-clear\"><\/div><div class=\"fusion-clearfix\"><\/div><\/div><\/div><div class=\"fusion-layout-column fusion_builder_column fusion-builder-column-4 fusion_builder_column_1_3 1_3 fusion-one-third fusion-column-first\" style=\"--awb-bg-size:cover;width:30.6666%; margin-right: 4%;\"><div class=\"fusion-column-wrapper fusion-flex-column-wrapper-legacy\"><div class=\"fusion-clearfix\"><\/div><\/div><\/div><div class=\"fusion-layout-column fusion_builder_column fusion-builder-column-5 fusion_builder_column_1_3 1_3 fusion-one-third\" style=\"--awb-bg-size:cover;width:30.6666%; margin-right: 4%;\"><div class=\"fusion-column-wrapper fusion-flex-column-wrapper-legacy\"><div class=\"fusion-align-block\"><a class=\"fusion-button button-flat button-xlarge button-default fusion-button-default button-1 fusion-button-span-yes fusion-button-default-type custom-button\" target=\"_self\" href=\"https:\/\/mamaluzcajasdeluz.es\/it\/\"><span class=\"fusion-button-text awb-button__text awb-button__text--default\">SCOPRI I NOSTRI PRODOTTI<\/span><\/a><\/div><div class=\"fusion-clearfix\"><\/div><\/div><\/div><div class=\"fusion-layout-column fusion_builder_column fusion-builder-column-6 fusion_builder_column_1_3 1_3 fusion-one-third fusion-column-last\" style=\"--awb-bg-size:cover;width:30.6666%;\"><div class=\"fusion-column-wrapper fusion-flex-column-wrapper-legacy\"><div class=\"fusion-clearfix\"><\/div><\/div><\/div><\/div><\/div>\n","protected":false},"excerpt":{"rendered":"","protected":false},"author":1,"featured_media":0,"parent":0,"menu_order":0,"comment_status":"closed","ping_status":"closed","template":"100-width.php","meta":{"_joinchat":[],"footnotes":""},"class_list":["post-80638","page","type-page","status-publish","hentry"],"_links":{"self":[{"href":"https:\/\/mamaluzcajasdeluz.es\/it\/wp-json\/wp\/v2\/pages\/80638","targetHints":{"allow":["GET"]}}],"collection":[{"href":"https:\/\/mamaluzcajasdeluz.es\/it\/wp-json\/wp\/v2\/pages"}],"about":[{"href":"https:\/\/mamaluzcajasdeluz.es\/it\/wp-json\/wp\/v2\/types\/page"}],"author":[{"embeddable":true,"href":"https:\/\/mamaluzcajasdeluz.es\/it\/wp-json\/wp\/v2\/users\/1"}],"replies":[{"embeddable":true,"href":"https:\/\/mamaluzcajasdeluz.es\/it\/wp-json\/wp\/v2\/comments?post=80638"}],"version-history":[{"count":0,"href":"https:\/\/mamaluzcajasdeluz.es\/it\/wp-json\/wp\/v2\/pages\/80638\/revisions"}],"wp:attachment":[{"href":"https:\/\/mamaluzcajasdeluz.es\/it\/wp-json\/wp\/v2\/media?parent=80638"}],"curies":[{"name":"wp","href":"https:\/\/api.w.org\/{rel}","templated":true}]}}